{"id":1151,"date":"2018-12-05T08:15:07","date_gmt":"2018-12-05T07:15:07","guid":{"rendered":"http:\/\/www.enzo-und-ferdinand.de\/?page_id=1151"},"modified":"2022-12-27T14:59:14","modified_gmt":"2022-12-27T13:59:14","slug":"agb","status":"publish","type":"page","link":"https:\/\/www.enzo-und-ferdinand.de\/index.php\/agb\/","title":{"rendered":"AGB"},"content":{"rendered":"\n<p class=\"wp-block-paragraph\"><strong>Allgemeine Gesch\u00e4ftsbedingungen <\/strong><\/p>\n\n\n\n<p class=\"wp-block-paragraph\"><strong>Akzeptieren der Bedingungen<\/strong><\/p>\n\n\n\n<p class=\"wp-block-paragraph\">Um den Dienst nutzen zu k\u00f6nnen, m\u00fcssen Sie die Bedingungen der AGB zustimmen.<\/p>\n\n\n\n<p class=\"wp-block-paragraph\">Sie akzeptieren die Bedingungen, indem Sie den Dienst einfach nutzen. Sie nehmen zur Kenntnis und erkl\u00e4ren sich damit einverstanden, dass enzo&amp;ferdinand  (www.enzo-und-ferdinand.de) Ihre Nutzung des Dienstes von diesem Zeitpunkt an als Zustimmung zu den Bedingungen betrachtet.<\/p>\n\n\n\n<p class=\"wp-block-paragraph\"><strong>Allgemeines<\/strong><\/p>\n\n\n\n<p class=\"wp-block-paragraph\">unsere Lieferungen, Leistungen und Angebote und sonstigen rechts- gesch\u00e4ftlichen Handlungen erfolgen ausschlie\u00dflich aufgrund dieser Gesch\u00e4ftsbedingungen. Diese gelten somit auch f\u00fcr alle k\u00fcnftigen Gesch\u00e4ftsbeziehungen, auch wenn nicht nochmals ausdr\u00fccklich vereinbart werden. Sp\u00e4testens mit der Entgegennahme der Ware oder Leistung gelten diese Bedingungen als angenommen. Gegenbest\u00e4tigungen des K\u00e4ufers unter Hinweis auf seine Gesch\u00e4fts- bzw. Einkaufsbedingungen wird hiermit widersprochen. Abweichungen von diesen Gesch\u00e4ftsbedingungen sind nur wirksam, wenn sie von uns schriftlich best\u00e4tigt werden.<\/p>\n\n\n\n<p class=\"wp-block-paragraph\"><strong>Angebot und Vertragsschluss<\/strong><\/p>\n\n\n\n<p class=\"wp-block-paragraph\">unsere Angebote sind freibleibend und unverbindlich. Annahmeerkl\u00e4rungen und s\u00e4mtliche Bestellungen bed\u00fcrfen zur Rechtswirksamkeit unserer schriftlichen oder fernschriftlichen Best\u00e4tigung. Das gleiche gilt f\u00fcr Erg\u00e4nzungen, Ab\u00e4nderungen oder Nebenabreden. Zeichnungen, Abbildungen, Ma\u00dfe, Gewichte oder sonstige Leistungsdaten sind nur verbindlich, wenn dies ausdr\u00fccklich schriftlich vereinbart wird. unsere Verkaufsangestellten sind nicht befugt, m\u00fcndliche Nebenabreden zu treffen oder m\u00fcndliche Zusicherungen zu geben, die \u00fcber den Inhalt des schriftlichen Vertrages hinausgehen.<\/p>\n\n\n\n<p class=\"wp-block-paragraph\"><strong>Lieferung<\/strong><\/p>\n\n\n\n<p class=\"wp-block-paragraph\">Liefertermine oder -fristen die verbindlich oder unverbindlich vereinbart werden k\u00f6nnen, bed\u00fcrfen der Schriftform. Alle Lieferungen erfolgen auf Rechnung und Gefahr des K\u00e4ufers. Transportversicherungen erfolgen nur auf ausdr\u00fccklichen Wunsch des K\u00e4ufers. Liefer- und Leistungsverz\u00f6gerungen aufgrund h\u00f6herer Gewalt und aufgrund von Ereignissen, die uns die Lieferung wesentlich erschweren oder unm\u00f6glich machen (Streik, Aussperrung, beh\u00f6rdliche Anordnungen etc.) sind auch bei verbindlich vereinbarten Fristen und Terminen von uns nicht zu vertreten. Sie berechtigen uns, die Lieferung bzw. Leistung um die Dauer der Behinderung zzgl. einer angemessenen Anlaufzeit hinauszuschieben oder wegen des noch nicht erf\u00fcllten Teils ganz oder teilweise von Vertrag zur\u00fcckzutreten. Wenn die Behinderung l\u00e4nger als drei Monate dauert, ist der K\u00e4ufer nach angemessener Nachfristsetzung berechtigt, hinsichtlich des noch nicht erf\u00fcllten Teils ganz oder teilweise vom Vertrag zur\u00fcckzutreten. Verl\u00e4ngert sich die Lieferzeit oder werden wir von unserer Lieferverpflichtung frei, so kann der K\u00e4ufer hieraus keine Schadenersatzanspr\u00fcche herleiten. Sofern wir die Nichteinhaltung verbindlich zugesagter Fristen und Termine zu vertreten haben oder uns in Verzug befinden, steht dem K\u00e4ufer ein Anspruch auf Verzugsentsch\u00e4digung in H\u00f6he von \u00bd% f\u00fcr jede vollendete Woche des Verzuges, insgesamt jedoch maximal bis zu 5% des Rechnungswertes der vom Verzug betroffenen Lieferungen und Leistungen zu. Dar\u00fcber hinaus gehende Anspr\u00fcche sind ausgeschlossen, es sei denn, der Verzug beruht zumindest auf grober Fahrl\u00e4ssigkeit. Wir sind zu Teillieferungen und Teilleistungen jederzeit berechtigt.<\/p>\n\n\n\n<p class=\"wp-block-paragraph\">Die Gefahr geht auf den K\u00e4ufer \u00fcber, sobald die Sendung an die den Transport ausf\u00fchrende Person \u00fcbergeben worden ist oder zwecks Versendung unser Lager verlassen hat. Falls der Versand ohne unser Verschulden unm\u00f6glich wird, geht die Gefahr mit der Meldung der Versandbereitschaft auf den K\u00e4ufer \u00fcber.<\/p>\n\n\n\n<p class=\"wp-block-paragraph\"><strong>Gew\u00e4hrleistung<\/strong><\/p>\n\n\n\n<p class=\"wp-block-paragraph\">Wir gew\u00e4hren auf alle Produkte eine Garantie von sechs Monaten, soweit nicht schriftlich etwas anderes vereinbart wurde. Die Garantie gilt ab Verkaufsdatum an den Kunden. Bei Garantieleistungen hat der Kunde hier\u00fcber den Nachweis zu f\u00fchren, und zwar in Form einer Rechnungskopie. Werden unsere Betriebs- und Wartungsanweisungen nicht befolgt, \u00c4nderungen an den Produkten vorgenommen, Teile ausgewechselt oder Verbrauchsmaterialien verwendet, die nicht den Originalspezifikationen entsprechen, so entf\u00e4llt jede Gew\u00e4hrleistung. M\u00e4ngel sind uns unverz\u00fcglich, sp\u00e4testens jedoch innerhalb einer Woche nach Eingang des Liefergegenstandes schriftlich mitzuteilen. M\u00e4ngel, die auch bei sorgf\u00e4ltiger Pr\u00fcfung innerhalb dieser Frist nicht entdeckt werden k\u00f6nnen sind uns unverz\u00fcglich nach Entdeckung mitzuteilen. Wird vom K\u00e4ufer ein Gew\u00e4hrleistungsanspruch geltend gemacht, erfolgt nach unserer Wahl entweder eine Nachbesserung oder Neulieferung. Der K\u00e4ufer hat hierzu das fehlerhafte Ger\u00e4t direkt an uns zur\u00fcckzusenden. Stellen wir beim Einschicken von Ger\u00e4ten zur Garantie Reparatur oder zur Reparatur fest, da\u00df diese nicht defekt sind, werden von uns \u00dcberpr\u00fcfungs- und Versandkosten berechnet. F\u00fchrt auch eine zweimalige Nachbesserung nicht zur Fehlerbeseitigung, kann der K\u00e4ufer nach seiner Wahl Herabsetzung oder Verg\u00fctung oder R\u00fcckg\u00e4ngigmachung des Vertrages verlangen. Eine Haftung f\u00fcr normale Abnutzung ist ausgeschlossen. Gew\u00e4hrleistungsanspr\u00fcche gegen uns stehen nur dem unmittelbaren K\u00e4ufer zu und sind nicht abtretbar. Die vorstehenden Klauseln enthalten abschlie\u00dfend die Gew\u00e4hrleistung f\u00fcr unsere Produkte und schlie\u00dfen sonstige Gew\u00e4hrleistungsanspr\u00fcche jeglicher Art aus. Dies gilt nicht f\u00fcr Schadenersatzanspr\u00fcche aus Eigenschaftszusicherungen, die den K\u00e4ufer gegen das Risiko von Mangelfolgesch\u00e4den sichern sollen. Wird die Nachbesserung durch R\u00fccksendung des Ger\u00e4tes durchgef\u00fchrt und tritt w\u00e4hrend der Dauer der Nachbesserung in unseren R\u00e4umlichkeiten eine Verschlechterung oder Besch\u00e4digung des Ger\u00e4tes auf, so haften wir daf\u00fcr nur im Falle grober Fahrl\u00e4ssigkeit.<\/p>\n\n\n\n<p class=\"wp-block-paragraph\"><strong>Eigentumsvorbehalt<\/strong><\/p>\n\n\n\n<p class=\"wp-block-paragraph\">Bis zur Erf\u00fcllung aller Forderungen (einschlie\u00dflich s\u00e4mtlicher Saldoforderungen aus Kontokorrent), die uns aus jedem Rechtsgrund gegen den K\u00e4ufer jetzt oder zuk\u00fcnftig zustehe, werden uns die folgenden Sicherheiten gew\u00e4hrt, die wir auf Verlangen nach unserer Wahl freigeben, soweit ihr Wert die Forderungen um Mehr als 20% \u00fcbersteigt. Die Ware bleibt unser Eigentum. Verarbeitung oder umbildung erfolgen stets f\u00fcr uns als Hersteller, jedoch ohne Verpflichtung f\u00fcr uns. Erlischt unser Miteigentum durch Verbindung, so wird bereits jetzt vereinbart, da\u00df das Miteigentum an der einheitlichen Sache wertanteilm\u00e4\u00dfig (Rechnungswert) an uns \u00fcbergeht. Der K\u00e4ufer verwahrt unser Eigentum unentgeltlich. Ger\u00e4te an denen uns Miteigentum zusteht werden nachfolgend als Vorbehaltsware bezeichnet. Der K\u00e4ufer ist berechtigt, die Vorbehaltsware im ordnungsgem\u00e4\u00dfen Gesch\u00e4ftsgang zu verarbeiten und zu ver\u00e4u\u00dfern, solange er nicht in Verzug ist. Verpf\u00e4ndungen oder sonstige Sicherungs\u00fcbereignungen sind unzul\u00e4ssig. Die aus dem Weiterverkauf oder einem sonstigen Rechtsgrund (Versicherung, unerlaubte Handlung) bzgl. Der Vorbehaltsware entstehenden Forderungen (einschlie\u00dflich s\u00e4mtlicher Saldoforderungen aus Kontokorrent) tritt der K\u00e4ufer bereits jetzt sicherungshalber in vollem umfang an uns ab. Wir erm\u00e4chtigen den K\u00e4ufer widerruflich, die an uns abgetretenen Forderungen f\u00fcr eigene Rechnung und im eigenen Namen einzuziehen. Diese Einzugserm\u00e4chtigung kann von uns widerrufen werden, wenn der K\u00e4ufer seinen Zahlungsverpflichtungen nicht ordnungsgem\u00e4\u00df nachkommt. Bei Zugriffen Dritter auf die Vorbehaltsware wird der K\u00e4ufer auf unser Eigentum hinweisen und uns unverz\u00fcglich benachrichtigen. Bei vertragswidrigem Verhalten des K\u00e4ufers &#8211; insbesondere Zahlungsverzug &#8211; sind wir berechtigt , die Vorbehaltsware zur\u00fcckzunehmen oder ggfs. Abtretung der Herausgabeanspr\u00fcche des K\u00e4ufers gegen Dritte zu verlangen. In der Zur\u00fccknahme sowie in der Pf\u00e4ndung der Vorbehaltsware durch uns liegt, soweit nicht das Abzahlungsgesetz Anwendung findet, kein R\u00fccktritt vom Vertrage vor. Der K\u00e4ufer verpflichtet sich, die zur Geltendmachung unserer Rechte erforderlichen Ausk\u00fcnfte zu erteilen und die hierzu erforderlichen unterlagen auszuh\u00e4ndigen.<\/p>\n\n\n\n<p class=\"wp-block-paragraph\"><strong>Zahlung<\/strong><\/p>\n\n\n\n<p class=\"wp-block-paragraph\">Grunds\u00e4tzlich erfolgt die Lieferung, soweit keine anderen Vereinbarungen getroffen wurden, per Nachnahme. Bei Lieferung gegen Rechnung m\u00fcssen die Modalit\u00e4ten gesondert vereinbart werden. Sollte der K\u00e4ufer die gesondert vereinbarten Zahlungsbedingungen nicht einhalten, so erfolgen weitere Belieferungen ohne Ank\u00fcndigung per Nachnahme. Wir sind berechtigt, trotz anderslautender Bestimmungen des K\u00e4ufers Zahlungen zun\u00e4chst auf dessen \u00e4ltere Schuld anzurechnen und den K\u00e4ufer \u00fcber die Art der erfolgten Verrechnung zu Informieren. Sind bereits Kosten und Zinsen entstanden, so sind wir berechtigt, die Zahlung zun\u00e4chst auf die Kosten, dann auf die Zinsen und zuletzt auf die Hauptforderung anzurechnen. Eine Zahlung gilt erst dann als erfolgt, wenn wir \u00fcber den Betrag verf\u00fcgen k\u00f6nnen. Im Falle von Schecks gilt die Zahlung erst als erfolgt, wenn der Scheck eingel\u00f6st und der Scheckbetrag auf unserem Konto gutgeschrieben wird. Ger\u00e4t der K\u00e4ufer in Verzug, so sind wir berechtigt, vom dem betreffenden Zeitpunkt ab Zinsen in H\u00f6he des von den Gesch\u00e4ftsbanken berechneten Zinssatzes f\u00fcr offene Kontokorrentkredite zu berechnen. Verzugszinsen sind dann niedriger anzusetzen, wenn der K\u00e4ufer eine geringere Belastung nachweist. Wenn uns umst\u00e4nde bekannt werden, die die Kreditw\u00fcrdigkeit des K\u00e4ufers in Frage stellen, insbesondere ein Scheck nicht eingel\u00f6st wird oder die Zahlungen eingestellt werden, oder wenn uns andere umst\u00e4nde bekannt werden, die die Kreditw\u00fcrdigkeit des K\u00e4ufers in Frage stellen, so sind wir berechtigt, die gesamte Restschuld f\u00e4llig zu stellen, auch wenn wir Schecks angenommen haben. Wir sind in diesem Fall au\u00dferdem berechtigt, Vorauszahlungen oder Sicherheitsleistungen zu verlangen. Der K\u00e4ufer ist zur Aufrechnung, zur R\u00fcckbehaltung oder Minderung, auch wenn M\u00e4ngelr\u00fcgen oder Gegenanspr\u00fcche geltend gemacht werden, nur berechtigt, wenn die Gegenanspr\u00fcche rechtskr\u00e4ftig festgestellt oder unstreitig sind.<\/p>\n\n\n\n<p class=\"wp-block-paragraph\"><strong>Haftungsbeschr\u00e4nkung<\/strong><\/p>\n\n\n\n<p class=\"wp-block-paragraph\">Schadenersatzanspr\u00fcche aus unm\u00f6glichkeit der Leistung, aus positiver Forderungsverletzung, aus Verschulden bei Vertragsschluss, unerlaubte Handlung, sowie nach den Vorschriften des Produkthaftungsgesetzes sind gegen unsere Erf\u00fcllungs- bzw. Verrichtungsgehilfen ausgeschlossen, soweit nicht vors\u00e4tzliches oder grob fahrl\u00e4ssiges Handeln vorliegt. Ger\u00e4te ohne Zulassung (ohne FTZ- bzw. DPD-Nummern) d\u00fcrfen in Deutschland nicht bzw. nur bei bestimmten Produkten mit Einschr\u00e4nkung betrieben werden (f\u00fcr das Ausland gelten die jeweiligen Bestimmungen). Der K\u00e4ufer ist verpflichtet den Endabnehmer \u00fcber die gesetzlich bestehenden Einschr\u00e4nkungen der Nutzung ausf\u00fchrlich und gesondert zu belehren. F\u00fcr daraus entstehende Sch\u00e4den oder Folgesch\u00e4den gilt im \u00fcbrigen die vorstehende Haftungsbeschr\u00e4nkung.<\/p>\n\n\n\n<p class=\"wp-block-paragraph\"><strong>Anwendbares Recht, Gerichtsstand, Teilnichtigkeit<\/strong><\/p>\n\n\n\n<p class=\"wp-block-paragraph\">F\u00fcr diese Gesch\u00e4ftsbedingungen und die gesamten Rechtsbeziehungen zwischen uns und dem K\u00e4ufer gilt das Recht der Bundesrepublik Deutschland, insbesondere die Vorschriften des Handelsgesetzes und f\u00fcr Rechtsbeziehungen mit dem europ\u00e4ischen Ausland das Einheitliche Kaufgesetz (EKG). Soweit der K\u00e4ufer Vollkaufmann im Sinne des Handelsgesetzbuches oder eine juristische Person ist, wird Linz am Rhein als ausschlie\u00dflicher Gerichtsstand f\u00fcr alle sich aus dem Vertragsverh\u00e4ltnis unmittelbar oder mittelbar ergebenden Streitigkeiten bestimmt. Sollte eine Bestimmung in diesen Gesch\u00e4ftsbedingungen oder eine Bestimmung im Rahmen sonstiger Vereinbarungen unwirksam sein oder werde, so wird hiervon die Wirksamkeit aller sonstigen Bestimmungen oder Vereinbarungen nicht ber\u00fchrt. Eine unwirksame Bestimmung ist durch eine wirksame Bestimmung zu ersetzen, die dem wirtschaftlichen Zweck der Vereinbarung und dem mutma\u00dflichen Parteiwillen entspricht.<\/p>\n\n\n\n<p class=\"wp-block-paragraph\"><strong>Keine Abmahnung ohne vorherigen Kontakt!<\/strong><\/p>\n\n\n\n<p class=\"wp-block-paragraph\">Sollten der Inhalt oder die Aufmachung dieser Seiten fremde Rechte Dritter oder gesetzliche Bestimmungen verletzen, so bitten wir um eine entsprechende Nachricht ohne Kostennote. Die Beseitigung einer m\u00f6glicherweise von diesen Seiten ausgehenden Schutzrecht-Verletzung durch Schutzrecht-InhaberInnen selbst darf nicht ohne unsere Zustimmung stattfinden. Wir garantieren, dass die zu Recht beanstandeten Passagen unverz\u00fcglich entfernt werden, ohne dass von Ihrer Seite die Einschaltung eines Rechtsbeistandes erforderlich ist. Dennoch von Ihnen ohne vorherige Kontaktaufnahme ausgel\u00f6ste Kosten werden wir vollumf\u00e4nglich zur\u00fcckweisen und gegebenenfalls Gegenklage wegen Verletzung vorgenannter Bestimmungen einreichen.<\/p>\n\n\n\n<p class=\"wp-block-paragraph\">Die Kostennote einer anwaltlichen Abmahnung ohne vorherige Kontaktaufnahme mit uns, wird im Sinne der Schadenminderungspflicht <strong>\u00a7 254 Abs. 2 BGB<\/strong> als unbegr\u00fcndet zur\u00fcckgewiesen.<\/p>\n\n\n\n<p class=\"wp-block-paragraph\">(1) Hat bei der Entstehung des Schadens ein Verschulden des Besch\u00e4digten mitgewirkt, so h\u00e4ngt die Verpflichtung zum Ersatz sowie der Umfang des zu leistenden Ersatzes von den Umst\u00e4nden, insbesondere davon ab, inwieweit der Schaden vorwiegend von dem einen oder dem anderen Teil verursacht worden ist.<\/p>\n\n\n\n<p class=\"wp-block-paragraph\">(2) Dies gilt auch dann, <strong>wenn sich das Verschulden des Besch\u00e4digten darauf beschr\u00e4nkt, dass er unterlassen hat, den Schuldner auf die Gefahr eines ungew\u00f6hnlich hohen Schadens aufmerksam zu machen<\/strong>, die der Schuldner weder kannte noch kennen musste, <strong>oder dass er unterlassen hat, den Schaden abzuwenden oder zu mindern<\/strong>. Die Vorschrift des <strong>\u00a7 278<\/strong> findet entsprechende Anwendung.<\/p>\n\n\n\n<p class=\"wp-block-paragraph\" id=\"g1\"><strong>\u00a7 278<\/strong>: Der&nbsp;Schuldner hat ein Verschulden seines gesetzlichen Vertreters und der Personen, deren er sich zur Erf\u00fcllung seiner Verbindlichkeit bedient, in gleichem Umfang zu vertreten wie eigenes Verschulden.&nbsp;Abs. 3 findet keine Anwendung.<\/p>\n","protected":false},"excerpt":{"rendered":"<p>Allgemeine Gesch\u00e4ftsbedingungen Akzeptieren der Bedingungen Um den Dienst nutzen zu k\u00f6nnen, m\u00fcssen Sie die Bedingungen der AGB zustimmen. Sie akzeptieren die Bedingungen, indem Sie den Dienst einfach nutzen. Sie nehmen zur Kenntnis und erkl\u00e4ren sich damit einverstanden, dass enzo&amp;ferdinand (www.enzo-und-ferdinand.de) Ihre Nutzung des Dienstes von diesem Zeitpunkt an als Zustimmung zu den Bedingungen betrachtet. Allgemeines unsere Lieferungen, Leistungen und Angebote und sonstigen rechts- gesch\u00e4ftlichen Handlungen erfolgen ausschlie\u00dflich aufgrund dieser Gesch\u00e4ftsbedingungen. Diese gelten somit auch f\u00fcr alle k\u00fcnftigen Gesch\u00e4ftsbeziehungen, auch wenn nicht nochmals ausdr\u00fccklich vereinbart werden. Sp\u00e4testens mit der Entgegennahme der Ware oder Leistung gelten diese Bedingungen als angenommen. Gegenbest\u00e4tigungen des<\/p>\n","protected":false},"author":1,"featured_media":0,"parent":0,"menu_order":0,"comment_status":"closed","ping_status":"closed","template":"","meta":{"_crdt_document":"","ngg_post_thumbnail":0,"footnotes":""},"class_list":["post-1151","page","type-page","status-publish","hentry"],"yoast_head":"<!-- This site is optimized with the Yoast SEO plugin v27.4 - https:\/\/yoast.com\/product\/yoast-seo-wordpress\/ -->\n<title>AGB<\/title>\n<meta name=\"description\" content=\"Racing Rennen Autos Klassiker Vintage Heritage Prototyp Monoposto Sportwagen Sportscar Classic Porsche Ferrari Maserati Mercedes Chevrolet Alfa Romeo Lancia FOS Concorso Jaguar Aston Martin Lamborghini Bugatti Audi BMW Volkswagen Cadillac Abarth Alpine Matra\" \/>\n<meta name=\"robots\" content=\"index, follow, max-snippet:-1, max-image-preview:large, max-video-preview:-1\" \/>\n<link rel=\"canonical\" href=\"https:\/\/www.enzo-und-ferdinand.de\/index.php\/agb\/\" \/>\n<meta property=\"og:locale\" content=\"de_DE\" \/>\n<meta property=\"og:type\" content=\"article\" \/>\n<meta property=\"og:title\" content=\"AGB\" \/>\n<meta property=\"og:description\" content=\"Racing Rennen Autos Klassiker Vintage Heritage Prototyp Monoposto Sportwagen Sportscar Classic Porsche Ferrari Maserati Mercedes Chevrolet Alfa Romeo Lancia FOS Concorso Jaguar Aston Martin Lamborghini Bugatti Audi BMW Volkswagen Cadillac Abarth Alpine Matra\" \/>\n<meta property=\"og:url\" content=\"https:\/\/www.enzo-und-ferdinand.de\/index.php\/agb\/\" \/>\n<meta property=\"og:site_name\" content=\"enzo &amp; Ferdinand\" \/>\n<meta property=\"article:modified_time\" content=\"2022-12-27T13:59:14+00:00\" \/>\n<meta property=\"og:image\" content=\"https:\/\/www.enzo-und-ferdinand.de\/wp-content\/uploads\/2024\/12\/Maserati-300-S-55-mod2.jpg\" \/>\n\t<meta property=\"og:image:width\" content=\"1500\" \/>\n\t<meta property=\"og:image:height\" content=\"997\" \/>\n\t<meta property=\"og:image:type\" content=\"image\/jpeg\" \/>\n<meta name=\"twitter:card\" content=\"summary_large_image\" \/>\n<meta name=\"twitter:label1\" content=\"Gesch\u00e4tzte Lesezeit\" \/>\n\t<meta name=\"twitter:data1\" content=\"10\u00a0Minuten\" \/>\n<script type=\"application\/ld+json\" class=\"yoast-schema-graph\">{\"@context\":\"https:\\\/\\\/schema.org\",\"@graph\":[{\"@type\":\"WebPage\",\"@id\":\"https:\\\/\\\/www.enzo-und-ferdinand.de\\\/index.php\\\/agb\\\/\",\"url\":\"https:\\\/\\\/www.enzo-und-ferdinand.de\\\/index.php\\\/agb\\\/\",\"name\":\"AGB\",\"isPartOf\":{\"@id\":\"https:\\\/\\\/www.enzo-und-ferdinand.de\\\/#website\"},\"datePublished\":\"2018-12-05T07:15:07+00:00\",\"dateModified\":\"2022-12-27T13:59:14+00:00\",\"description\":\"Racing Rennen Autos Klassiker Vintage Heritage Prototyp Monoposto Sportwagen Sportscar Classic Porsche Ferrari Maserati Mercedes Chevrolet Alfa Romeo Lancia FOS Concorso Jaguar Aston Martin Lamborghini Bugatti Audi BMW Volkswagen Cadillac Abarth Alpine Matra\",\"breadcrumb\":{\"@id\":\"https:\\\/\\\/www.enzo-und-ferdinand.de\\\/index.php\\\/agb\\\/#breadcrumb\"},\"inLanguage\":\"de\",\"potentialAction\":[{\"@type\":\"ReadAction\",\"target\":[\"https:\\\/\\\/www.enzo-und-ferdinand.de\\\/index.php\\\/agb\\\/\"]}]},{\"@type\":\"BreadcrumbList\",\"@id\":\"https:\\\/\\\/www.enzo-und-ferdinand.de\\\/index.php\\\/agb\\\/#breadcrumb\",\"itemListElement\":[{\"@type\":\"ListItem\",\"position\":1,\"name\":\"Startseite\",\"item\":\"https:\\\/\\\/www.enzo-und-ferdinand.de\\\/\"},{\"@type\":\"ListItem\",\"position\":2,\"name\":\"AGB\"}]},{\"@type\":\"WebSite\",\"@id\":\"https:\\\/\\\/www.enzo-und-ferdinand.de\\\/#website\",\"url\":\"https:\\\/\\\/www.enzo-und-ferdinand.de\\\/\",\"name\":\"enzo & Ferdinand\",\"description\":\"\",\"publisher\":{\"@id\":\"https:\\\/\\\/www.enzo-und-ferdinand.de\\\/#organization\"},\"potentialAction\":[{\"@type\":\"SearchAction\",\"target\":{\"@type\":\"EntryPoint\",\"urlTemplate\":\"https:\\\/\\\/www.enzo-und-ferdinand.de\\\/?s={search_term_string}\"},\"query-input\":{\"@type\":\"PropertyValueSpecification\",\"valueRequired\":true,\"valueName\":\"search_term_string\"}}],\"inLanguage\":\"de\"},{\"@type\":\"Organization\",\"@id\":\"https:\\\/\\\/www.enzo-und-ferdinand.de\\\/#organization\",\"name\":\"enzo & Ferdinand\",\"url\":\"https:\\\/\\\/www.enzo-und-ferdinand.de\\\/\",\"logo\":{\"@type\":\"ImageObject\",\"inLanguage\":\"de\",\"@id\":\"https:\\\/\\\/www.enzo-und-ferdinand.de\\\/#\\\/schema\\\/logo\\\/image\\\/\",\"url\":\"https:\\\/\\\/www.enzo-und-ferdinand.de\\\/wp-content\\\/uploads\\\/2018\\\/12\\\/revvvs-icon.png\",\"contentUrl\":\"https:\\\/\\\/www.enzo-und-ferdinand.de\\\/wp-content\\\/uploads\\\/2018\\\/12\\\/revvvs-icon.png\",\"width\":512,\"height\":512,\"caption\":\"enzo & Ferdinand\"},\"image\":{\"@id\":\"https:\\\/\\\/www.enzo-und-ferdinand.de\\\/#\\\/schema\\\/logo\\\/image\\\/\"}}]}<\/script>\n<!-- \/ Yoast SEO plugin. -->","yoast_head_json":{"title":"AGB","description":"Racing Rennen Autos Klassiker Vintage Heritage Prototyp Monoposto Sportwagen Sportscar Classic Porsche Ferrari Maserati Mercedes Chevrolet Alfa Romeo Lancia FOS Concorso Jaguar Aston Martin Lamborghini Bugatti Audi BMW Volkswagen Cadillac Abarth Alpine Matra","robots":{"index":"index","follow":"follow","max-snippet":"max-snippet:-1","max-image-preview":"max-image-preview:large","max-video-preview":"max-video-preview:-1"},"canonical":"https:\/\/www.enzo-und-ferdinand.de\/index.php\/agb\/","og_locale":"de_DE","og_type":"article","og_title":"AGB","og_description":"Racing Rennen Autos Klassiker Vintage Heritage Prototyp Monoposto Sportwagen Sportscar Classic Porsche Ferrari Maserati Mercedes Chevrolet Alfa Romeo Lancia FOS Concorso Jaguar Aston Martin Lamborghini Bugatti Audi BMW Volkswagen Cadillac Abarth Alpine Matra","og_url":"https:\/\/www.enzo-und-ferdinand.de\/index.php\/agb\/","og_site_name":"enzo &amp; Ferdinand","article_modified_time":"2022-12-27T13:59:14+00:00","og_image":[{"width":1500,"height":997,"url":"https:\/\/www.enzo-und-ferdinand.de\/wp-content\/uploads\/2024\/12\/Maserati-300-S-55-mod2.jpg","type":"image\/jpeg"}],"twitter_card":"summary_large_image","twitter_misc":{"Gesch\u00e4tzte Lesezeit":"10\u00a0Minuten"},"schema":{"@context":"https:\/\/schema.org","@graph":[{"@type":"WebPage","@id":"https:\/\/www.enzo-und-ferdinand.de\/index.php\/agb\/","url":"https:\/\/www.enzo-und-ferdinand.de\/index.php\/agb\/","name":"AGB","isPartOf":{"@id":"https:\/\/www.enzo-und-ferdinand.de\/#website"},"datePublished":"2018-12-05T07:15:07+00:00","dateModified":"2022-12-27T13:59:14+00:00","description":"Racing Rennen Autos Klassiker Vintage Heritage Prototyp Monoposto Sportwagen Sportscar Classic Porsche Ferrari Maserati Mercedes Chevrolet Alfa Romeo Lancia FOS Concorso Jaguar Aston Martin Lamborghini Bugatti Audi BMW Volkswagen Cadillac Abarth Alpine Matra","breadcrumb":{"@id":"https:\/\/www.enzo-und-ferdinand.de\/index.php\/agb\/#breadcrumb"},"inLanguage":"de","potentialAction":[{"@type":"ReadAction","target":["https:\/\/www.enzo-und-ferdinand.de\/index.php\/agb\/"]}]},{"@type":"BreadcrumbList","@id":"https:\/\/www.enzo-und-ferdinand.de\/index.php\/agb\/#breadcrumb","itemListElement":[{"@type":"ListItem","position":1,"name":"Startseite","item":"https:\/\/www.enzo-und-ferdinand.de\/"},{"@type":"ListItem","position":2,"name":"AGB"}]},{"@type":"WebSite","@id":"https:\/\/www.enzo-und-ferdinand.de\/#website","url":"https:\/\/www.enzo-und-ferdinand.de\/","name":"enzo & Ferdinand","description":"","publisher":{"@id":"https:\/\/www.enzo-und-ferdinand.de\/#organization"},"potentialAction":[{"@type":"SearchAction","target":{"@type":"EntryPoint","urlTemplate":"https:\/\/www.enzo-und-ferdinand.de\/?s={search_term_string}"},"query-input":{"@type":"PropertyValueSpecification","valueRequired":true,"valueName":"search_term_string"}}],"inLanguage":"de"},{"@type":"Organization","@id":"https:\/\/www.enzo-und-ferdinand.de\/#organization","name":"enzo & Ferdinand","url":"https:\/\/www.enzo-und-ferdinand.de\/","logo":{"@type":"ImageObject","inLanguage":"de","@id":"https:\/\/www.enzo-und-ferdinand.de\/#\/schema\/logo\/image\/","url":"https:\/\/www.enzo-und-ferdinand.de\/wp-content\/uploads\/2018\/12\/revvvs-icon.png","contentUrl":"https:\/\/www.enzo-und-ferdinand.de\/wp-content\/uploads\/2018\/12\/revvvs-icon.png","width":512,"height":512,"caption":"enzo & Ferdinand"},"image":{"@id":"https:\/\/www.enzo-und-ferdinand.de\/#\/schema\/logo\/image\/"}}]}},"_links":{"self":[{"href":"https:\/\/www.enzo-und-ferdinand.de\/index.php\/wp-json\/wp\/v2\/pages\/1151","targetHints":{"allow":["GET"]}}],"collection":[{"href":"https:\/\/www.enzo-und-ferdinand.de\/index.php\/wp-json\/wp\/v2\/pages"}],"about":[{"href":"https:\/\/www.enzo-und-ferdinand.de\/index.php\/wp-json\/wp\/v2\/types\/page"}],"author":[{"embeddable":true,"href":"https:\/\/www.enzo-und-ferdinand.de\/index.php\/wp-json\/wp\/v2\/users\/1"}],"replies":[{"embeddable":true,"href":"https:\/\/www.enzo-und-ferdinand.de\/index.php\/wp-json\/wp\/v2\/comments?post=1151"}],"version-history":[{"count":11,"href":"https:\/\/www.enzo-und-ferdinand.de\/index.php\/wp-json\/wp\/v2\/pages\/1151\/revisions"}],"predecessor-version":[{"id":11020,"href":"https:\/\/www.enzo-und-ferdinand.de\/index.php\/wp-json\/wp\/v2\/pages\/1151\/revisions\/11020"}],"wp:attachment":[{"href":"https:\/\/www.enzo-und-ferdinand.de\/index.php\/wp-json\/wp\/v2\/media?parent=1151"}],"curies":[{"name":"wp","href":"https:\/\/api.w.org\/{rel}","templated":true}]}}